{"id":50,"date":"2024-04-30T21:32:26","date_gmt":"2024-04-30T21:32:26","guid":{"rendered":"https:\/\/seguridadryr.cl\/?page_id=50"},"modified":"2025-07-22T00:09:19","modified_gmt":"2025-07-22T00:09:19","slug":"nuestros-servicios","status":"publish","type":"page","link":"https:\/\/seguridadryr.cl\/index.php\/nuestros-servicios\/","title":{"rendered":"NUESTROS SERVICIOS"},"content":{"rendered":"\t\t<div data-elementor-type=\"wp-page\" data-elementor-id=\"50\" class=\"elementor elementor-50\">\n\t\t\t\t<div class=\"elementor-element elementor-element-5eff576a e-flex e-con-boxed e-con e-parent\" data-id=\"5eff576a\" data-element_type=\"container\">\n\t\t\t\t\t<div class=\"e-con-inner\">\n\t\t\t\t<div class=\"elementor-element elementor-element-299d8f65 elementor-widget elementor-widget-text-editor\" data-id=\"299d8f65\" data-element_type=\"widget\" data-widget_type=\"text-editor.default\">\n\t\t\t\t<div class=\"elementor-widget-container\">\n\t\t\t\t\t\t\t\t\t<h2 class=\"wp-block-heading has-text-align-center has-text-color has-link-color\" style=\"color: #139036;\">Nuestras \u00c1reas de Servicios son las siguientes:<\/h2>\n<p><!-- \/wp:heading --><\/p>\n<p><!-- wp:paragraph --><\/p>\n<p><!-- \/wp:paragraph --><\/p>\n<p><!-- wp:paragraph {\"align\":\"center\",\"style\":{\"color\":{\"text\":\"#139036\"},\"elements\":{\"link\":{\"color\":{\"text\":\"#139036\"}}}},\"fontSize\":\"medium\"} --><\/p>\n<p data-start=\"157\" data-end=\"259\"><span style=\"color: #008000;\"><strong data-start=\"157\" data-end=\"180\">Seguridad R y R Spa.<\/strong>&nbsp;pone a disposici\u00f3n de nuestros clientes los siguientes servicios y soluciones:<\/span><\/p>\n<p data-start=\"261\" data-end=\"651\"><span style=\"color: #008000;\"><strong data-start=\"261\" data-end=\"282\">Seguridad Privada<\/strong>: Esta \u00e1rea se encuentra presente en todo momento. Es un servicio presencial, personalizado y que se adapta a las necesidades y exigencias de nuestros clientes. Nos enfocamos en entregar un servicio de calidad, eficiente y respaldado por herramientas tecnol\u00f3gicas que permiten un mayor control y trazabilidad de las funciones realizadas por nuestro personal en terreno.<\/span><\/p>\n<p data-start=\"653\" data-end=\"1209\"><span style=\"color: #008000;\">Tambi\u00e9n, contamos con la aplicaci\u00f3n <strong data-start=\"691\" data-end=\"708\">CONTROL GUARD<\/strong>, una plataforma especializada en el control operativo de los servicios de seguridad. Esta herramienta nos permite ofrecer un monitoreo detallado y en tiempo real de las rondas del personal, el control de visitas, la generaci\u00f3n de informes de novedades, y la aplicaci\u00f3n de listas de chequeo. Estas funcionalidades nos permiten garantizar transparencia, eficacia y respuesta oportuna ante cualquier eventualidad, manteniendo siempre informados a nuestros clientes mediante reportes claros y detallados.<\/span><\/p>\n<p><!-- \/wp:paragraph --><\/p>\t\t\t\t\t\t\t\t<\/div>\n\t\t\t\t<\/div>\n\t\t\t\t\t<\/div>\n\t\t\t\t<\/div>\n\t\t<div class=\"elementor-element elementor-element-433bd32 e-grid e-con-boxed e-con e-parent\" data-id=\"433bd32\" data-element_type=\"container\">\n\t\t\t\t\t<div class=\"e-con-inner\">\n\t\t\t\t<div class=\"elementor-element elementor-element-bae790f elementor-widget elementor-widget-image\" data-id=\"bae790f\" data-element_type=\"widget\" data-widget_type=\"image.default\">\n\t\t\t\t<div class=\"elementor-widget-container\">\n\t\t\t\t\t\t\t\t\t\t\t\t\t\t\t<img fetchpriority=\"high\" decoding=\"async\" width=\"1024\" height=\"427\" src=\"https:\/\/seguridadryr.cl\/wp-content\/uploads\/2024\/05\/Diseno-sin-titulo-9-1024x427.png\" class=\"attachment-large size-large wp-image-126\" alt=\"\" srcset=\"https:\/\/seguridadryr.cl\/wp-content\/uploads\/2024\/05\/Diseno-sin-titulo-9-1024x427.png 1024w, https:\/\/seguridadryr.cl\/wp-content\/uploads\/2024\/05\/Diseno-sin-titulo-9-300x125.png 300w, https:\/\/seguridadryr.cl\/wp-content\/uploads\/2024\/05\/Diseno-sin-titulo-9-768x321.png 768w, https:\/\/seguridadryr.cl\/wp-content\/uploads\/2024\/05\/Diseno-sin-titulo-9-1536x641.png 1536w, https:\/\/seguridadryr.cl\/wp-content\/uploads\/2024\/05\/Diseno-sin-titulo-9.png 1562w\" sizes=\"(max-width: 1024px) 100vw, 1024px\" \/>\t\t\t\t\t\t\t\t\t\t\t\t\t\t\t<\/div>\n\t\t\t\t<\/div>\n\t\t\t\t<div class=\"elementor-element elementor-element-767a4f0 elementor-widget elementor-widget-image\" data-id=\"767a4f0\" data-element_type=\"widget\" data-widget_type=\"image.default\">\n\t\t\t\t<div class=\"elementor-widget-container\">\n\t\t\t\t\t\t\t\t\t\t\t\t\t\t\t<img decoding=\"async\" width=\"1024\" height=\"427\" src=\"https:\/\/seguridadryr.cl\/wp-content\/uploads\/2024\/05\/Diseno-sin-titulo-8-1024x427.png\" class=\"attachment-large size-large wp-image-125\" alt=\"\" srcset=\"https:\/\/seguridadryr.cl\/wp-content\/uploads\/2024\/05\/Diseno-sin-titulo-8-1024x427.png 1024w, https:\/\/seguridadryr.cl\/wp-content\/uploads\/2024\/05\/Diseno-sin-titulo-8-300x125.png 300w, https:\/\/seguridadryr.cl\/wp-content\/uploads\/2024\/05\/Diseno-sin-titulo-8-768x321.png 768w, https:\/\/seguridadryr.cl\/wp-content\/uploads\/2024\/05\/Diseno-sin-titulo-8-1536x641.png 1536w, https:\/\/seguridadryr.cl\/wp-content\/uploads\/2024\/05\/Diseno-sin-titulo-8.png 1562w\" sizes=\"(max-width: 1024px) 100vw, 1024px\" \/>\t\t\t\t\t\t\t\t\t\t\t\t\t\t\t<\/div>\n\t\t\t\t<\/div>\n\t\t\t\t\t<\/div>\n\t\t\t\t<\/div>\n\t\t<div class=\"elementor-element elementor-element-9877794 e-flex e-con-boxed e-con e-parent\" data-id=\"9877794\" data-element_type=\"container\">\n\t\t\t\t\t<div class=\"e-con-inner\">\n\t\t\t\t<div class=\"elementor-element elementor-element-52755e8 elementor-widget elementor-widget-video\" data-id=\"52755e8\" data-element_type=\"widget\" data-settings=\"{&quot;youtube_url&quot;:&quot;https:\\\/\\\/www.youtube.com\\\/watch?v=bRo7dBBb0MQ&quot;,&quot;video_type&quot;:&quot;youtube&quot;,&quot;controls&quot;:&quot;yes&quot;}\" data-widget_type=\"video.default\">\n\t\t\t\t<div class=\"elementor-widget-container\">\n\t\t\t\t\t\t\t<div class=\"elementor-wrapper elementor-open-inline\">\n\t\t\t<div class=\"elementor-video\"><\/div>\t\t<\/div>\n\t\t\t\t\t\t<\/div>\n\t\t\t\t<\/div>\n\t\t\t\t\t<\/div>\n\t\t\t\t<\/div>\n\t\t<div class=\"elementor-element elementor-element-47434f8 e-flex e-con-boxed e-con e-parent\" data-id=\"47434f8\" data-element_type=\"container\">\n\t\t\t\t\t<div class=\"e-con-inner\">\n\t\t\t\t<div class=\"elementor-element elementor-element-46c7b53 elementor-widget elementor-widget-image\" data-id=\"46c7b53\" data-element_type=\"widget\" data-widget_type=\"image.default\">\n\t\t\t\t<div class=\"elementor-widget-container\">\n\t\t\t\t\t\t\t\t\t\t\t\t\t\t\t<img decoding=\"async\" width=\"600\" height=\"209\" src=\"https:\/\/seguridadryr.cl\/wp-content\/uploads\/2025\/07\/logo_con_texto.png\" class=\"attachment-large size-large wp-image-228\" alt=\"\" srcset=\"https:\/\/seguridadryr.cl\/wp-content\/uploads\/2025\/07\/logo_con_texto.png 600w, https:\/\/seguridadryr.cl\/wp-content\/uploads\/2025\/07\/logo_con_texto-300x105.png 300w\" sizes=\"(max-width: 600px) 100vw, 600px\" \/>\t\t\t\t\t\t\t\t\t\t\t\t\t\t\t<\/div>\n\t\t\t\t<\/div>\n\t\t\t\t\t<\/div>\n\t\t\t\t<\/div>\n\t\t\t\t<\/div>\n\t\t","protected":false},"excerpt":{"rendered":"<p>Nuestras \u00c1reas de Servicios son las siguientes: Seguridad R y R Spa.&nbsp;pone a disposici\u00f3n de nuestros clientes los siguientes servicios y soluciones: Seguridad Privada: Esta \u00e1rea se encuentra presente en todo momento. Es un servicio presencial, personalizado y que se adapta a las necesidades y exigencias de nuestros clientes. Nos enfocamos en entregar un servicio [&hellip;]<\/p>\n","protected":false},"author":1,"featured_media":69,"parent":0,"menu_order":0,"comment_status":"closed","ping_status":"closed","template":"","meta":{"footnotes":""},"class_list":["post-50","page","type-page","status-publish","has-post-thumbnail","hentry"],"_links":{"self":[{"href":"https:\/\/seguridadryr.cl\/index.php\/wp-json\/wp\/v2\/pages\/50","targetHints":{"allow":["GET"]}}],"collection":[{"href":"https:\/\/seguridadryr.cl\/index.php\/wp-json\/wp\/v2\/pages"}],"about":[{"href":"https:\/\/seguridadryr.cl\/index.php\/wp-json\/wp\/v2\/types\/page"}],"author":[{"embeddable":true,"href":"https:\/\/seguridadryr.cl\/index.php\/wp-json\/wp\/v2\/users\/1"}],"replies":[{"embeddable":true,"href":"https:\/\/seguridadryr.cl\/index.php\/wp-json\/wp\/v2\/comments?post=50"}],"version-history":[{"count":24,"href":"https:\/\/seguridadryr.cl\/index.php\/wp-json\/wp\/v2\/pages\/50\/revisions"}],"predecessor-version":[{"id":231,"href":"https:\/\/seguridadryr.cl\/index.php\/wp-json\/wp\/v2\/pages\/50\/revisions\/231"}],"wp:featuredmedia":[{"embeddable":true,"href":"https:\/\/seguridadryr.cl\/index.php\/wp-json\/wp\/v2\/media\/69"}],"wp:attachment":[{"href":"https:\/\/seguridadryr.cl\/index.php\/wp-json\/wp\/v2\/media?parent=50"}],"curies":[{"name":"wp","href":"https:\/\/api.w.org\/{rel}","templated":true}]}}