{"id":48,"date":"2024-04-30T21:32:26","date_gmt":"2024-04-30T21:32:26","guid":{"rendered":"https:\/\/seguridadryr.cl\/?page_id=48"},"modified":"2025-07-21T23:29:51","modified_gmt":"2025-07-21T23:29:51","slug":"quienes-somos","status":"publish","type":"page","link":"https:\/\/seguridadryr.cl\/index.php\/quienes-somos\/","title":{"rendered":"QUIENES SOMOS"},"content":{"rendered":"\t\t<div data-elementor-type=\"wp-page\" data-elementor-id=\"48\" class=\"elementor elementor-48\">\n\t\t\t\t<div class=\"elementor-element elementor-element-fb8f652 e-flex e-con-boxed e-con e-parent\" data-id=\"fb8f652\" data-element_type=\"container\">\n\t\t\t\t\t<div class=\"e-con-inner\">\n\t\t<div class=\"elementor-element elementor-element-356903d e-con-full e-flex e-con e-child\" data-id=\"356903d\" data-element_type=\"container\">\n\t\t\t\t<div class=\"elementor-element elementor-element-97be1b9 elementor-widget elementor-widget-image\" data-id=\"97be1b9\" data-element_type=\"widget\" data-widget_type=\"image.default\">\n\t\t\t\t<div class=\"elementor-widget-container\">\n\t\t\t\t\t\t\t\t\t\t\t\t\t\t\t<img fetchpriority=\"high\" decoding=\"async\" width=\"696\" height=\"741\" src=\"https:\/\/seguridadryr.cl\/wp-content\/uploads\/2024\/06\/Sin-titulof-1.jpg\" class=\"attachment-large size-large wp-image-159\" alt=\"\" srcset=\"https:\/\/seguridadryr.cl\/wp-content\/uploads\/2024\/06\/Sin-titulof-1.jpg 696w, https:\/\/seguridadryr.cl\/wp-content\/uploads\/2024\/06\/Sin-titulof-1-282x300.jpg 282w\" sizes=\"(max-width: 696px) 100vw, 696px\" \/>\t\t\t\t\t\t\t\t\t\t\t\t\t\t\t<\/div>\n\t\t\t\t<\/div>\n\t\t\t\t<\/div>\n\t\t<div class=\"elementor-element elementor-element-22b127d e-con-full e-flex e-con e-child\" data-id=\"22b127d\" data-element_type=\"container\">\n\t\t<div class=\"elementor-element elementor-element-4e0c3ab e-flex e-con-boxed e-con e-child\" data-id=\"4e0c3ab\" data-element_type=\"container\">\n\t\t\t\t\t<div class=\"e-con-inner\">\n\t\t\t\t<div class=\"elementor-element elementor-element-0e2e7e4 elementor-widget__width-initial elementor-widget elementor-widget-heading\" data-id=\"0e2e7e4\" data-element_type=\"widget\" data-widget_type=\"heading.default\">\n\t\t\t\t<div class=\"elementor-widget-container\">\n\t\t\t\t\t<h2 class=\"elementor-heading-title elementor-size-default\">SOMOS SEGURIDAD R&amp;R<br><br><\/h2>\t\t\t\t<\/div>\n\t\t\t\t<\/div>\n\t\t\t\t<div class=\"elementor-element elementor-element-164e622 elementor-widget elementor-widget-text-editor\" data-id=\"164e622\" data-element_type=\"widget\" data-widget_type=\"text-editor.default\">\n\t\t\t\t<div class=\"elementor-widget-container\">\n\t\t\t\t\t\t\t\t\t<p>Somos una empresa s\u00f3lida, dedicados a prestar servicios de seguridad f\u00edsica con una eficiente administraci\u00f3n de recursos humanos y capacidad de integraci\u00f3n,<br>conducci\u00f3n y orientaci\u00f3n a nuestros clientes.<br>Dirigida por profesionales competentes para desarrollar en forma id\u00f3nea las funciones requeridas por nuestros clientes.<br>Ponemos a su disposici\u00f3n un staff de profesionales de la seguridad altamente capacitados para asesorarlo en las diversas materias de seguridad privada, utilizando tecnolog\u00eda de punta que garantiza la excelencia en el servicio otorgado, tanto en la gesti\u00f3n y eficiencia de seguridad privada.<\/p>\t\t\t\t\t\t\t\t<\/div>\n\t\t\t\t<\/div>\n\t\t\t\t\t<\/div>\n\t\t\t\t<\/div>\n\t\t<div class=\"elementor-element elementor-element-10c5d6f e-flex e-con-boxed e-con e-child\" data-id=\"10c5d6f\" data-element_type=\"container\">\n\t\t\t\t\t<div class=\"e-con-inner\">\n\t\t\t\t\t<\/div>\n\t\t\t\t<\/div>\n\t\t\t\t<\/div>\n\t\t\t\t\t<\/div>\n\t\t\t\t<\/div>\n\t\t<div class=\"elementor-element elementor-element-97db5e9 e-flex e-con-boxed e-con e-parent\" data-id=\"97db5e9\" data-element_type=\"container\" data-settings=\"{&quot;background_background&quot;:&quot;slideshow&quot;,&quot;background_slideshow_gallery&quot;:[],&quot;background_slideshow_loop&quot;:&quot;yes&quot;,&quot;background_slideshow_slide_duration&quot;:5000,&quot;background_slideshow_slide_transition&quot;:&quot;fade&quot;,&quot;background_slideshow_transition_duration&quot;:500}\">\n\t\t\t\t\t<div class=\"e-con-inner\">\n\t\t\t\t<div class=\"elementor-element elementor-element-6a557a4 elementor-widget elementor-widget-video\" data-id=\"6a557a4\" data-element_type=\"widget\" data-settings=\"{&quot;video_type&quot;:&quot;hosted&quot;,&quot;autoplay&quot;:&quot;yes&quot;}\" data-widget_type=\"video.default\">\n\t\t\t\t<div class=\"elementor-widget-container\">\n\t\t\t\t\t\t\t<div class=\"e-hosted-video elementor-wrapper elementor-open-inline\">\n\t\t\t\t\t<video class=\"elementor-video\" src=\"https:\/\/seguridadryr.cl\/wp-content\/uploads\/2024\/06\/Nuestra-vision.mp4\" autoplay=\"\" controlsList=\"nodownload\"><\/video>\n\t\t\t\t<\/div>\n\t\t\t\t\t\t<\/div>\n\t\t\t\t<\/div>\n\t\t\t\t\t<\/div>\n\t\t\t\t<\/div>\n\t\t\t\t<\/div>\n\t\t","protected":false},"excerpt":{"rendered":"<p>SOMOS SEGURIDAD R&amp;R Somos una empresa s\u00f3lida, dedicados a prestar servicios de seguridad f\u00edsica con una eficiente administraci\u00f3n de recursos humanos y capacidad de integraci\u00f3n,conducci\u00f3n y orientaci\u00f3n a nuestros clientes.Dirigida por profesionales competentes para desarrollar en forma id\u00f3nea las funciones requeridas por nuestros clientes.Ponemos a su disposici\u00f3n un staff de profesionales de la seguridad altamente [&hellip;]<\/p>\n","protected":false},"author":1,"featured_media":0,"parent":0,"menu_order":0,"comment_status":"closed","ping_status":"closed","template":"","meta":{"footnotes":""},"class_list":["post-48","page","type-page","status-publish","hentry"],"_links":{"self":[{"href":"https:\/\/seguridadryr.cl\/index.php\/wp-json\/wp\/v2\/pages\/48","targetHints":{"allow":["GET"]}}],"collection":[{"href":"https:\/\/seguridadryr.cl\/index.php\/wp-json\/wp\/v2\/pages"}],"about":[{"href":"https:\/\/seguridadryr.cl\/index.php\/wp-json\/wp\/v2\/types\/page"}],"author":[{"embeddable":true,"href":"https:\/\/seguridadryr.cl\/index.php\/wp-json\/wp\/v2\/users\/1"}],"replies":[{"embeddable":true,"href":"https:\/\/seguridadryr.cl\/index.php\/wp-json\/wp\/v2\/comments?post=48"}],"version-history":[{"count":14,"href":"https:\/\/seguridadryr.cl\/index.php\/wp-json\/wp\/v2\/pages\/48\/revisions"}],"predecessor-version":[{"id":208,"href":"https:\/\/seguridadryr.cl\/index.php\/wp-json\/wp\/v2\/pages\/48\/revisions\/208"}],"wp:attachment":[{"href":"https:\/\/seguridadryr.cl\/index.php\/wp-json\/wp\/v2\/media?parent=48"}],"curies":[{"name":"wp","href":"https:\/\/api.w.org\/{rel}","templated":true}]}}