{"id":192,"date":"2025-07-21T22:51:36","date_gmt":"2025-07-21T22:51:36","guid":{"rendered":"https:\/\/seguridadryr.cl\/?page_id=192"},"modified":"2025-07-21T23:38:58","modified_gmt":"2025-07-21T23:38:58","slug":"clientes","status":"publish","type":"page","link":"https:\/\/seguridadryr.cl\/index.php\/clientes\/","title":{"rendered":"CLIENTES"},"content":{"rendered":"\t\t<div data-elementor-type=\"wp-page\" data-elementor-id=\"192\" class=\"elementor elementor-192\">\n\t\t\t\t<div class=\"elementor-element elementor-element-15c7a6b e-flex e-con-boxed e-con e-parent\" data-id=\"15c7a6b\" data-element_type=\"container\">\n\t\t\t\t\t<div class=\"e-con-inner\">\n\t\t\t\t<div class=\"elementor-element elementor-element-f8ce436 e-transform elementor-widget elementor-widget-text-editor\" data-id=\"f8ce436\" data-element_type=\"widget\" data-settings=\"{&quot;_transform_scale_effect&quot;:{&quot;unit&quot;:&quot;px&quot;,&quot;size&quot;:&quot;&quot;,&quot;sizes&quot;:[]},&quot;_transform_scale_effect_tablet&quot;:{&quot;unit&quot;:&quot;px&quot;,&quot;size&quot;:&quot;&quot;,&quot;sizes&quot;:[]},&quot;_transform_scale_effect_mobile&quot;:{&quot;unit&quot;:&quot;px&quot;,&quot;size&quot;:&quot;&quot;,&quot;sizes&quot;:[]}}\" data-widget_type=\"text-editor.default\">\n\t\t\t\t<div class=\"elementor-widget-container\">\n\t\t\t\t\t\t\t\t\t<h6><span style=\"color: #008000;\">En <strong data-start=\"132\" data-end=\"149\">Seguridad RyR<\/strong>, contamos con una vasta trayectoria brindando soluciones confiables y personalizadas en el \u00e1mbito de la seguridad. Nuestros clientes conf\u00edan en nosotros porque somos un equipo de profesionales con amplia experiencia y un profundo conocimiento en prevenci\u00f3n, protecci\u00f3n y vigilancia. Trabajamos comprometidos con la tranquilidad de cada persona y organizaci\u00f3n que deposita su seguridad en nuestras manos. Entre Nuestros clientes m\u00e1s destacados, encontramos:<\/span><\/h6>\t\t\t\t\t\t\t\t<\/div>\n\t\t\t\t<\/div>\n\t\t\t\t\t<\/div>\n\t\t\t\t<\/div>\n\t\t<div class=\"elementor-element elementor-element-0d4a3d4 e-grid e-con-boxed e-con e-parent\" data-id=\"0d4a3d4\" data-element_type=\"container\">\n\t\t\t\t\t<div class=\"e-con-inner\">\n\t\t\t\t<div class=\"elementor-element elementor-element-1b3f913 elementor-widget elementor-widget-image\" data-id=\"1b3f913\" data-element_type=\"widget\" data-widget_type=\"image.default\">\n\t\t\t\t<div class=\"elementor-widget-container\">\n\t\t\t\t\t\t\t\t\t\t\t\t\t\t\t<img fetchpriority=\"high\" decoding=\"async\" width=\"420\" height=\"386\" src=\"https:\/\/seguridadryr.cl\/wp-content\/uploads\/2025\/07\/1.jpg\" class=\"attachment-large size-large wp-image-199\" alt=\"\" srcset=\"https:\/\/seguridadryr.cl\/wp-content\/uploads\/2025\/07\/1.jpg 420w, https:\/\/seguridadryr.cl\/wp-content\/uploads\/2025\/07\/1-300x276.jpg 300w\" sizes=\"(max-width: 420px) 100vw, 420px\" \/>\t\t\t\t\t\t\t\t\t\t\t\t\t\t\t<\/div>\n\t\t\t\t<\/div>\n\t\t\t\t<div class=\"elementor-element elementor-element-9da7f7b elementor-widget elementor-widget-image\" data-id=\"9da7f7b\" data-element_type=\"widget\" data-widget_type=\"image.default\">\n\t\t\t\t<div class=\"elementor-widget-container\">\n\t\t\t\t\t\t\t\t\t\t\t\t\t\t\t<img decoding=\"async\" width=\"501\" height=\"386\" src=\"https:\/\/seguridadryr.cl\/wp-content\/uploads\/2025\/07\/2.jpg\" class=\"attachment-large size-large wp-image-200\" alt=\"\" srcset=\"https:\/\/seguridadryr.cl\/wp-content\/uploads\/2025\/07\/2.jpg 501w, https:\/\/seguridadryr.cl\/wp-content\/uploads\/2025\/07\/2-300x231.jpg 300w\" sizes=\"(max-width: 501px) 100vw, 501px\" \/>\t\t\t\t\t\t\t\t\t\t\t\t\t\t\t<\/div>\n\t\t\t\t<\/div>\n\t\t\t\t<div class=\"elementor-element elementor-element-e352463 elementor-widget elementor-widget-image\" data-id=\"e352463\" data-element_type=\"widget\" data-widget_type=\"image.default\">\n\t\t\t\t<div class=\"elementor-widget-container\">\n\t\t\t\t\t\t\t\t\t\t\t\t\t\t\t<img decoding=\"async\" width=\"501\" height=\"386\" src=\"https:\/\/seguridadryr.cl\/wp-content\/uploads\/2025\/07\/3.jpg\" class=\"attachment-large size-large wp-image-201\" alt=\"\" srcset=\"https:\/\/seguridadryr.cl\/wp-content\/uploads\/2025\/07\/3.jpg 501w, https:\/\/seguridadryr.cl\/wp-content\/uploads\/2025\/07\/3-300x231.jpg 300w\" sizes=\"(max-width: 501px) 100vw, 501px\" \/>\t\t\t\t\t\t\t\t\t\t\t\t\t\t\t<\/div>\n\t\t\t\t<\/div>\n\t\t\t\t<div class=\"elementor-element elementor-element-a389f5b elementor-widget elementor-widget-image\" data-id=\"a389f5b\" data-element_type=\"widget\" data-widget_type=\"image.default\">\n\t\t\t\t<div class=\"elementor-widget-container\">\n\t\t\t\t\t\t\t\t\t\t\t\t\t\t\t<img loading=\"lazy\" decoding=\"async\" width=\"501\" height=\"386\" src=\"https:\/\/seguridadryr.cl\/wp-content\/uploads\/2025\/07\/4.jpg\" class=\"attachment-large size-large wp-image-202\" alt=\"\" srcset=\"https:\/\/seguridadryr.cl\/wp-content\/uploads\/2025\/07\/4.jpg 501w, https:\/\/seguridadryr.cl\/wp-content\/uploads\/2025\/07\/4-300x231.jpg 300w\" sizes=\"(max-width: 501px) 100vw, 501px\" \/>\t\t\t\t\t\t\t\t\t\t\t\t\t\t\t<\/div>\n\t\t\t\t<\/div>\n\t\t\t\t\t<\/div>\n\t\t\t\t<\/div>\n\t\t<div class=\"elementor-element elementor-element-50f4156 e-grid e-con-boxed e-con e-parent\" data-id=\"50f4156\" data-element_type=\"container\">\n\t\t\t\t\t<div class=\"e-con-inner\">\n\t\t\t\t<div class=\"elementor-element elementor-element-329f259 elementor-widget elementor-widget-image\" data-id=\"329f259\" data-element_type=\"widget\" data-widget_type=\"image.default\">\n\t\t\t\t<div class=\"elementor-widget-container\">\n\t\t\t\t\t\t\t\t\t\t\t\t\t\t\t<img loading=\"lazy\" decoding=\"async\" width=\"501\" height=\"386\" src=\"https:\/\/seguridadryr.cl\/wp-content\/uploads\/2025\/07\/5.jpg\" class=\"attachment-large size-large wp-image-216\" alt=\"\" srcset=\"https:\/\/seguridadryr.cl\/wp-content\/uploads\/2025\/07\/5.jpg 501w, https:\/\/seguridadryr.cl\/wp-content\/uploads\/2025\/07\/5-300x231.jpg 300w\" sizes=\"(max-width: 501px) 100vw, 501px\" \/>\t\t\t\t\t\t\t\t\t\t\t\t\t\t\t<\/div>\n\t\t\t\t<\/div>\n\t\t\t\t<div class=\"elementor-element elementor-element-04d5b6d elementor-widget elementor-widget-image\" data-id=\"04d5b6d\" data-element_type=\"widget\" data-widget_type=\"image.default\">\n\t\t\t\t<div class=\"elementor-widget-container\">\n\t\t\t\t\t\t\t\t\t\t\t\t\t\t\t<img loading=\"lazy\" decoding=\"async\" width=\"501\" height=\"386\" src=\"https:\/\/seguridadryr.cl\/wp-content\/uploads\/2025\/07\/6.jpg\" class=\"attachment-large size-large wp-image-217\" alt=\"\" srcset=\"https:\/\/seguridadryr.cl\/wp-content\/uploads\/2025\/07\/6.jpg 501w, https:\/\/seguridadryr.cl\/wp-content\/uploads\/2025\/07\/6-300x231.jpg 300w\" sizes=\"(max-width: 501px) 100vw, 501px\" \/>\t\t\t\t\t\t\t\t\t\t\t\t\t\t\t<\/div>\n\t\t\t\t<\/div>\n\t\t\t\t\t<\/div>\n\t\t\t\t<\/div>\n\t\t\t\t<\/div>\n\t\t","protected":false},"excerpt":{"rendered":"<p>En Seguridad RyR, contamos con una vasta trayectoria brindando soluciones confiables y personalizadas en el \u00e1mbito de la seguridad. Nuestros clientes conf\u00edan en nosotros porque somos un equipo de profesionales con amplia experiencia y un profundo conocimiento en prevenci\u00f3n, protecci\u00f3n y vigilancia. Trabajamos comprometidos con la tranquilidad de cada persona y organizaci\u00f3n que deposita su [&hellip;]<\/p>\n","protected":false},"author":1,"featured_media":0,"parent":0,"menu_order":0,"comment_status":"closed","ping_status":"closed","template":"","meta":{"footnotes":""},"class_list":["post-192","page","type-page","status-publish","hentry"],"_links":{"self":[{"href":"https:\/\/seguridadryr.cl\/index.php\/wp-json\/wp\/v2\/pages\/192","targetHints":{"allow":["GET"]}}],"collection":[{"href":"https:\/\/seguridadryr.cl\/index.php\/wp-json\/wp\/v2\/pages"}],"about":[{"href":"https:\/\/seguridadryr.cl\/index.php\/wp-json\/wp\/v2\/types\/page"}],"author":[{"embeddable":true,"href":"https:\/\/seguridadryr.cl\/index.php\/wp-json\/wp\/v2\/users\/1"}],"replies":[{"embeddable":true,"href":"https:\/\/seguridadryr.cl\/index.php\/wp-json\/wp\/v2\/comments?post=192"}],"version-history":[{"count":7,"href":"https:\/\/seguridadryr.cl\/index.php\/wp-json\/wp\/v2\/pages\/192\/revisions"}],"predecessor-version":[{"id":220,"href":"https:\/\/seguridadryr.cl\/index.php\/wp-json\/wp\/v2\/pages\/192\/revisions\/220"}],"wp:attachment":[{"href":"https:\/\/seguridadryr.cl\/index.php\/wp-json\/wp\/v2\/media?parent=192"}],"curies":[{"name":"wp","href":"https:\/\/api.w.org\/{rel}","templated":true}]}}